{"id":1726,"date":"2025-12-15T19:34:32","date_gmt":"2025-12-15T16:34:32","guid":{"rendered":"https:\/\/mariobet.net\/tr\/?page_id=1726"},"modified":"2025-12-15T19:34:32","modified_gmt":"2025-12-15T16:34:32","slug":"mariobet-giris-linki-guvenli-mi","status":"publish","type":"page","link":"https:\/\/mariobet.net\/tr\/mariobet-giris-linki-guvenli-mi\/","title":{"rendered":"Mariobet Giri\u015f Linki G\u00fcvenli mi?"},"content":{"rendered":"<p data-start=\"290\" data-end=\"576\">Mariobet giri\u015f linkinin g\u00fcvenli\u011fi, kullan\u0131c\u0131lar\u0131n en \u00e7ok merak etti\u011fi konular\u0131n ba\u015f\u0131nda gelir. Adres de\u011fi\u015fikliklerinin ya\u015fand\u0131\u011f\u0131 d\u00f6nemlerde farkl\u0131 linklerle kar\u015f\u0131la\u015fmak m\u00fcmk\u00fcnd\u00fcr. Bu nedenle g\u00fcvenli eri\u015fim i\u00e7in <strong data-start=\"501\" data-end=\"547\">do\u011fru kaynaktan gelen ve g\u00fcncel ba\u011flant\u0131y\u0131<\/strong> kullanmak kritik \u00f6nem ta\u015f\u0131r.<\/p>\n<p data-start=\"578\" data-end=\"744\">Genel olarak g\u00fcvenlik, kullan\u0131lan ba\u011flant\u0131n\u0131n <strong data-start=\"624\" data-end=\"661\">resm\u00ee platforma ait olup olmamas\u0131<\/strong>, taray\u0131c\u0131 g\u00fcvenlik g\u00f6stergeleri ve kullan\u0131c\u0131 davran\u0131\u015flar\u0131yla do\u011frudan ili\u015fkilidir.<\/p>\n<h2 data-start=\"751\" data-end=\"803\">G\u00fcvenli Bir Mariobet Giri\u015f Linki Nas\u0131l Anla\u015f\u0131l\u0131r?<\/h2>\n<p data-start=\"805\" data-end=\"953\">Bir giri\u015f linkinin g\u00fcvenli olup olmad\u0131\u011f\u0131n\u0131 anlamak i\u00e7in baz\u0131 temel kontroller yap\u0131lmal\u0131d\u0131r. Bu kontroller, sahte sitelerden korunmaya yard\u0131mc\u0131 olur.<\/p>\n<h3 data-start=\"955\" data-end=\"976\">Alan Ad\u0131 Kontrol\u00fc<\/h3>\n<ul data-start=\"978\" data-end=\"1169\">\n<li data-start=\"978\" data-end=\"1023\">\n<p data-start=\"980\" data-end=\"1023\">Alan ad\u0131n\u0131n do\u011fru yaz\u0131ld\u0131\u011f\u0131ndan emin olun.<\/p>\n<\/li>\n<li data-start=\"1024\" data-end=\"1088\">\n<p data-start=\"1026\" data-end=\"1088\">Harf, nokta veya uzant\u0131 eklenmi\u015f \u015f\u00fcpheli adreslerden ka\u00e7\u0131n\u0131n.<\/p>\n<\/li>\n<li data-start=\"1089\" data-end=\"1169\">\n<p data-start=\"1091\" data-end=\"1169\">K\u0131sa ba\u011flant\u0131lar (k\u0131salt\u0131lm\u0131\u015f linkler) yerine a\u00e7\u0131k alan adlar\u0131n\u0131 tercih edin.<\/p>\n<\/li>\n<\/ul>\n<h3 data-start=\"1176\" data-end=\"1210\">G\u00fcvenli Ba\u011flant\u0131 (SSL) \u0130baresi<\/h3>\n<p data-start=\"1212\" data-end=\"1357\">Taray\u0131c\u0131 adres \u00e7ubu\u011funda <strong data-start=\"1237\" data-end=\"1254\">kilit simgesi<\/strong> bulunmas\u0131, ba\u011flant\u0131n\u0131n \u015fifreli oldu\u011funu g\u00f6sterir. Bu, veri aktar\u0131m\u0131n\u0131n g\u00fcvenli yap\u0131ld\u0131\u011f\u0131n\u0131 ifade eder.<\/p>\n<h3 data-start=\"1364\" data-end=\"1386\">Taray\u0131c\u0131 Uyar\u0131lar\u0131<\/h3>\n<p data-start=\"1388\" data-end=\"1545\">Taray\u0131c\u0131 \u201cg\u00fcvenli de\u011fil\u201d uyar\u0131s\u0131 veriyorsa ba\u011flant\u0131dan \u00e7\u0131k\u0131lmal\u0131 ve farkl\u0131 bir kaynaktan do\u011frulama yap\u0131lmal\u0131d\u0131r. Bu t\u00fcr uyar\u0131lar, olas\u0131 risklere i\u015faret eder.<\/p>\n<h2 data-start=\"1552\" data-end=\"1598\">Sahte Mariobet Giri\u015f Linkleri Neden Yayg\u0131n?<\/h2>\n<p data-start=\"1600\" data-end=\"1750\">Adres de\u011fi\u015fikliklerinin ya\u015fand\u0131\u011f\u0131 d\u00f6nemlerde, k\u00f6t\u00fc niyetli ki\u015filer kullan\u0131c\u0131lar\u0131 kand\u0131rmak amac\u0131yla <strong data-start=\"1700\" data-end=\"1723\">sahte kopya siteler<\/strong> olu\u015fturabilir. Bu siteler:<\/p>\n<ul data-start=\"1752\" data-end=\"1888\">\n<li data-start=\"1752\" data-end=\"1800\">\n<p data-start=\"1754\" data-end=\"1800\">Ger\u00e7ek siteye benzer tasar\u0131ma sahip olabilir.<\/p>\n<\/li>\n<li data-start=\"1801\" data-end=\"1855\">\n<p data-start=\"1803\" data-end=\"1855\">Kullan\u0131c\u0131 bilgilerini ele ge\u00e7irmeyi hedefleyebilir.<\/p>\n<\/li>\n<li data-start=\"1856\" data-end=\"1888\">\n<p data-start=\"1858\" data-end=\"1888\">Eri\u015fim sorunlar\u0131 ya\u015fatabilir.<\/p>\n<\/li>\n<\/ul>\n<p data-start=\"1890\" data-end=\"1947\">Bu nedenle her linkin g\u00fcvenilir oldu\u011fu varsay\u0131lmamal\u0131d\u0131r.<\/p>\n<h2 data-start=\"1954\" data-end=\"2003\">Mariobet Giri\u015f Linki G\u00fcvenli\u011fi Nas\u0131l Sa\u011flan\u0131r?<\/h2>\n<p data-start=\"2005\" data-end=\"2083\">Kullan\u0131c\u0131lar\u0131n g\u00fcvenli giri\u015f i\u00e7in baz\u0131 temel al\u0131\u015fkanl\u0131klar edinmesi \u00f6nemlidir.<\/p>\n<p data-start=\"2085\" data-end=\"2251\">Bu noktada kullan\u0131c\u0131lar\u0131n, <a href=\"https:\/\/mariobet.net\/\"><strong data-start=\"2112\" data-end=\"2142\">mariobet ana giri\u015f sayfas\u0131<\/strong><\/a> \u00fczerinden y\u00f6nlendirilmi\u015f g\u00fcncel ba\u011flant\u0131y\u0131 tercih etmesi eri\u015fim ve g\u00fcvenlik a\u00e7\u0131s\u0131ndan en sa\u011fl\u0131kl\u0131 y\u00f6ntemdir.<\/p>\n<p data-start=\"2253\" data-end=\"2295\">Ek olarak \u015fu noktalara dikkat edilmelidir:<\/p>\n<ul data-start=\"2296\" data-end=\"2483\">\n<li data-start=\"2296\" data-end=\"2386\">\n<p data-start=\"2298\" data-end=\"2386\">Sosyal medyada veya mesajla\u015fma uygulamalar\u0131nda payla\u015f\u0131lan rastgele linklere t\u0131klamamak.<\/p>\n<\/li>\n<li data-start=\"2387\" data-end=\"2429\">\n<p data-start=\"2389\" data-end=\"2429\">Taray\u0131c\u0131ya adresi manuel olarak yazmak.<\/p>\n<\/li>\n<li data-start=\"2430\" data-end=\"2483\">\n<p data-start=\"2432\" data-end=\"2483\">\u015e\u00fcpheli sitelerde kullan\u0131c\u0131 ad\u0131 ve \u015fifre girmemek.<\/p>\n<\/li>\n<\/ul>\n<h2 data-start=\"2490\" data-end=\"2529\">Giri\u015f Linki G\u00fcvenli De\u011filse Ne Olur?<\/h2>\n<p data-start=\"2531\" data-end=\"2592\">G\u00fcvenli olmayan bir link \u00fczerinden i\u015flem yap\u0131lmas\u0131 durumunda:<\/p>\n<ul data-start=\"2594\" data-end=\"2707\">\n<li data-start=\"2594\" data-end=\"2635\">\n<p data-start=\"2596\" data-end=\"2635\">Hesap bilgileri risk alt\u0131na girebilir.<\/p>\n<\/li>\n<li data-start=\"2636\" data-end=\"2671\">\n<p data-start=\"2638\" data-end=\"2671\">Giri\u015f i\u015flemi ba\u015far\u0131s\u0131z olabilir.<\/p>\n<\/li>\n<li data-start=\"2672\" data-end=\"2707\">\n<p data-start=\"2674\" data-end=\"2707\">Ki\u015fisel veriler korunamayabilir.<\/p>\n<\/li>\n<\/ul>\n<p data-start=\"2709\" data-end=\"2804\">Bu nedenle herhangi bir \u015f\u00fcphe durumunda giri\u015f denemesi yap\u0131lmamal\u0131 ve ba\u011flant\u0131 do\u011frulanmal\u0131d\u0131r.<\/p>\n<h2 data-start=\"2811\" data-end=\"2852\">Mobil Cihazlarda Giri\u015f Linki G\u00fcvenli\u011fi<\/h2>\n<p data-start=\"2854\" data-end=\"3014\">Mobil cihazlarda da g\u00fcvenlik kontrolleri ayn\u0131d\u0131r. Ancak mobil taray\u0131c\u0131larda adres \u00e7ubu\u011fu daha k\u00fc\u00e7\u00fck g\u00f6r\u00fcnd\u00fc\u011f\u00fc i\u00e7in alan ad\u0131n\u0131n tamam\u0131n\u0131 kontrol etmek \u00f6nemlidir.<\/p>\n<p data-start=\"3016\" data-end=\"3030\">Mobil giri\u015fte:<\/p>\n<ul data-start=\"3031\" data-end=\"3195\">\n<li data-start=\"3031\" data-end=\"3082\">\n<p data-start=\"3033\" data-end=\"3082\">Taray\u0131c\u0131 kilit simgesi mutlaka kontrol edilmeli.<\/p>\n<\/li>\n<li data-start=\"3083\" data-end=\"3132\">\n<p data-start=\"3085\" data-end=\"3132\">Uygulama d\u0131\u015f\u0131 y\u00f6nlendirmelere dikkat edilmeli.<\/p>\n<\/li>\n<li data-start=\"3133\" data-end=\"3195\">\n<p data-start=\"3135\" data-end=\"3195\">Bildirim veya reklam \u00fczerinden gelen linkler a\u00e7\u0131lmamal\u0131d\u0131r.<\/p>\n<\/li>\n<\/ul>\n<h2 data-start=\"3202\" data-end=\"3250\">G\u00fcvenli Giri\u015f Al\u0131\u015fkanl\u0131klar\u0131 Neden \u00d6nemlidir?<\/h2>\n<p data-start=\"3252\" data-end=\"3281\">G\u00fcvenli giri\u015f al\u0131\u015fkanl\u0131klar\u0131:<\/p>\n<ul data-start=\"3283\" data-end=\"3418\">\n<li data-start=\"3283\" data-end=\"3312\">\n<p data-start=\"3285\" data-end=\"3312\">Hesap g\u00fcvenli\u011fini art\u0131r\u0131r.<\/p>\n<\/li>\n<li data-start=\"3313\" data-end=\"3350\">\n<p data-start=\"3315\" data-end=\"3350\">Sahte sitelerden korunmay\u0131 sa\u011flar.<\/p>\n<\/li>\n<li data-start=\"3351\" data-end=\"3381\">\n<p data-start=\"3353\" data-end=\"3381\">Eri\u015fim sorunlar\u0131n\u0131 azalt\u0131r.<\/p>\n<\/li>\n<li data-start=\"3382\" data-end=\"3418\">\n<p data-start=\"3384\" data-end=\"3418\">Kullan\u0131c\u0131 deneyimini iyile\u015ftirir.<\/p>\n<\/li>\n<\/ul>\n<p data-start=\"3420\" data-end=\"3492\">Bu nedenle her giri\u015fte k\u0131sa bir kontrol yapmak uzun vadede fayda sa\u011flar.<\/p>\n<h2 data-start=\"3499\" data-end=\"3541\">Mariobet Giri\u015f Linki G\u00fcvenli mi?<\/h2>\n<p data-start=\"3543\" data-end=\"3826\">Mariobet giri\u015f linki, <strong data-start=\"3565\" data-end=\"3597\">do\u011fru ve g\u00fcncel kaynaklardan<\/strong> al\u0131nd\u0131\u011f\u0131nda g\u00fcvenlidir. G\u00fcvenlik riski, linkin kendisinden ziyade <strong data-start=\"3664\" data-end=\"3713\">kullan\u0131c\u0131n\u0131n hangi ba\u011flant\u0131y\u0131 tercih etti\u011fine<\/strong> ba\u011fl\u0131d\u0131r. Alan ad\u0131 kontrol\u00fc, SSL g\u00f6stergesi ve g\u00fcvenilir kaynak kullan\u0131m\u0131 sayesinde g\u00fcvenli eri\u015fim sa\u011flanabilir.<\/p>\n","protected":false},"excerpt":{"rendered":"<p>Mariobet giri\u015f linkinin g\u00fcvenli\u011fi, kullan\u0131c\u0131lar\u0131n en \u00e7ok merak etti\u011fi konular\u0131n ba\u015f\u0131nda gelir. Adres de\u011fi\u015fikliklerinin ya\u015fand\u0131\u011f\u0131 d\u00f6nemlerde farkl\u0131 linklerle kar\u015f\u0131la\u015fmak m\u00fcmk\u00fcnd\u00fcr. Bu nedenle g\u00fcvenli eri\u015fim i\u00e7in do\u011fru kaynaktan gelen ve g\u00fcncel ba\u011flant\u0131y\u0131 kullanmak kritik \u00f6nem ta\u015f\u0131r. Genel olarak g\u00fcvenlik, kullan\u0131lan ba\u011flant\u0131n\u0131n resm\u00ee platforma ait olup olmamas\u0131, taray\u0131c\u0131 g\u00fcvenlik g\u00f6stergeleri ve kullan\u0131c\u0131 davran\u0131\u015flar\u0131yla do\u011frudan ili\u015fkilidir. G\u00fcvenli Bir [&hellip;]<\/p>\n","protected":false},"author":1,"featured_media":1636,"parent":0,"menu_order":0,"comment_status":"closed","ping_status":"closed","template":"","meta":{"footnotes":""},"class_list":["post-1726","page","type-page","status-publish","has-post-thumbnail"],"_links":{"self":[{"href":"https:\/\/mariobet.net\/tr\/wp-json\/wp\/v2\/pages\/1726","targetHints":{"allow":["GET"]}}],"collection":[{"href":"https:\/\/mariobet.net\/tr\/wp-json\/wp\/v2\/pages"}],"about":[{"href":"https:\/\/mariobet.net\/tr\/wp-json\/wp\/v2\/types\/page"}],"author":[{"embeddable":true,"href":"https:\/\/mariobet.net\/tr\/wp-json\/wp\/v2\/users\/1"}],"replies":[{"embeddable":true,"href":"https:\/\/mariobet.net\/tr\/wp-json\/wp\/v2\/comments?post=1726"}],"version-history":[{"count":2,"href":"https:\/\/mariobet.net\/tr\/wp-json\/wp\/v2\/pages\/1726\/revisions"}],"predecessor-version":[{"id":1729,"href":"https:\/\/mariobet.net\/tr\/wp-json\/wp\/v2\/pages\/1726\/revisions\/1729"}],"wp:featuredmedia":[{"embeddable":true,"href":"https:\/\/mariobet.net\/tr\/wp-json\/wp\/v2\/media\/1636"}],"wp:attachment":[{"href":"https:\/\/mariobet.net\/tr\/wp-json\/wp\/v2\/media?parent=1726"}],"curies":[{"name":"wp","href":"https:\/\/api.w.org\/{rel}","templated":true}]}}