{"id":1722,"date":"2025-12-15T19:31:08","date_gmt":"2025-12-15T16:31:08","guid":{"rendered":"https:\/\/mariobet.net\/tr\/?page_id=1722"},"modified":"2025-12-15T19:31:08","modified_gmt":"2025-12-15T16:31:08","slug":"mobil-mariobet-giris","status":"publish","type":"page","link":"https:\/\/mariobet.net\/tr\/mobil-mariobet-giris\/","title":{"rendered":"Mobil Mariobet Giri\u015f"},"content":{"rendered":"<p data-start=\"273\" data-end=\"616\">Mobil Mariobet giri\u015f, kullan\u0131c\u0131lar\u0131n platforma <strong data-start=\"320\" data-end=\"351\">ak\u0131ll\u0131 telefon ve tabletler<\/strong> \u00fczerinden eri\u015fim sa\u011flamas\u0131n\u0131 ifade eder. Masa\u00fcst\u00fc s\u00fcr\u00fcmden farkl\u0131 olarak mobil giri\u015f, cihaz ekran\u0131na ve mobil taray\u0131c\u0131lara uyumlu \u015fekilde optimize edilmi\u015ftir. Bu sayede kullan\u0131c\u0131lar, herhangi bir uygulama indirmeden do\u011frudan taray\u0131c\u0131 \u00fczerinden eri\u015fim sa\u011flayabilir.<\/p>\n<p data-start=\"618\" data-end=\"733\">Mobil giri\u015fte ya\u015fanan sorunlar \u00e7o\u011fu zaman <strong data-start=\"660\" data-end=\"705\">cihaz, taray\u0131c\u0131 veya ba\u011flant\u0131 kaynakl\u0131d\u0131r<\/strong> ve hesapla ilgili de\u011fildir.<\/p>\n<h2 data-start=\"740\" data-end=\"792\">Mobil Cihazlardan Mariobet\u2019e Giri\u015f Nas\u0131l Yap\u0131l\u0131r?<\/h2>\n<p data-start=\"794\" data-end=\"937\">Mobil cihazlardan giri\u015f i\u015flemi olduk\u00e7a basittir. Kullan\u0131c\u0131lar\u0131n dikkat etmesi gereken en \u00f6nemli nokta, <strong data-start=\"897\" data-end=\"923\">g\u00fcncel ve aktif adresi<\/strong> kullanmakt\u0131r.<\/p>\n<p data-start=\"939\" data-end=\"1099\">Bu noktada kullan\u0131c\u0131lar\u0131n, <a href=\"https:\/\/mariobet.net\/\"><strong data-start=\"966\" data-end=\"996\">mariobet ana giri\u015f sayfas\u0131<\/strong><\/a> \u00fczerinden y\u00f6nlendirilmi\u015f mobil uyumlu ba\u011flant\u0131y\u0131 tercih etmesi eri\u015fim a\u00e7\u0131s\u0131ndan en sa\u011fl\u0131kl\u0131 y\u00f6ntemdir.<\/p>\n<p data-start=\"1101\" data-end=\"1152\">Genel olarak mobil giri\u015f s\u00fcreci \u015fu \u015fekilde ilerler:<\/p>\n<ul data-start=\"1153\" data-end=\"1269\">\n<li data-start=\"1153\" data-end=\"1178\">\n<p data-start=\"1155\" data-end=\"1178\">Mobil taray\u0131c\u0131 a\u00e7\u0131l\u0131r.<\/p>\n<\/li>\n<li data-start=\"1179\" data-end=\"1224\">\n<p data-start=\"1181\" data-end=\"1224\">G\u00fcncel adres kullan\u0131larak siteye eri\u015filir.<\/p>\n<\/li>\n<li data-start=\"1225\" data-end=\"1269\">\n<p data-start=\"1227\" data-end=\"1269\">Kullan\u0131c\u0131 ad\u0131 ve \u015fifre ile giri\u015f yap\u0131l\u0131r.<\/p>\n<\/li>\n<\/ul>\n<p data-start=\"1271\" data-end=\"1317\">Herhangi bir ek uygulama zorunlulu\u011fu bulunmaz.<\/p>\n<h2 data-start=\"1324\" data-end=\"1373\">Mobil Mariobet Giri\u015fte En S\u0131k Ya\u015fanan Sorunlar<\/h2>\n<p data-start=\"1375\" data-end=\"1473\">Mobil kullan\u0131c\u0131lar\u0131n kar\u015f\u0131la\u015ft\u0131\u011f\u0131 giri\u015f problemleri genellikle belirli ba\u015fl\u0131klar alt\u0131nda toplan\u0131r:<\/p>\n<ul data-start=\"1475\" data-end=\"1587\">\n<li data-start=\"1475\" data-end=\"1502\">\n<p data-start=\"1477\" data-end=\"1502\">Sayfan\u0131n hi\u00e7 a\u00e7\u0131lmamas\u0131,<\/p>\n<\/li>\n<li data-start=\"1503\" data-end=\"1532\">\n<p data-start=\"1505\" data-end=\"1532\">Sayfan\u0131n yar\u0131m y\u00fcklenmesi,<\/p>\n<\/li>\n<li data-start=\"1533\" data-end=\"1555\">\n<p data-start=\"1535\" data-end=\"1555\">Beyaz ekran hatas\u0131,<\/p>\n<\/li>\n<li data-start=\"1556\" data-end=\"1587\">\n<p data-start=\"1558\" data-end=\"1587\">S\u00fcrekli y\u00f6nlendirme d\u00f6ng\u00fcs\u00fc.<\/p>\n<\/li>\n<\/ul>\n<p data-start=\"1589\" data-end=\"1662\">Bu sorunlar\u0131n b\u00fcy\u00fck b\u00f6l\u00fcm\u00fc <strong data-start=\"1616\" data-end=\"1649\">taray\u0131c\u0131 veya a\u011f ayarlar\u0131ndan<\/strong> kaynaklan\u0131r.<\/p>\n<h2 data-start=\"1669\" data-end=\"1706\">Mobil Giri\u015f Sorunlar\u0131n\u0131n Nedenleri<\/h2>\n<h3 data-start=\"1708\" data-end=\"1739\">G\u00fcncel Olmayan Giri\u015f Adresi<\/h3>\n<p data-start=\"1741\" data-end=\"1917\">Mobilde ya\u015fanan en yayg\u0131n sorunlardan biri, eski veya ge\u00e7ersiz bir adresin kullan\u0131lmas\u0131d\u0131r. Adres de\u011fi\u015fiklikleri sonras\u0131nda mobil taray\u0131c\u0131lar eski y\u00f6nlendirmeleri saklayabilir.<\/p>\n<h3 data-start=\"1924\" data-end=\"1958\">Taray\u0131c\u0131 \u00d6nbelle\u011fi ve \u00c7erezler<\/h3>\n<p data-start=\"1960\" data-end=\"2113\">Mobil taray\u0131c\u0131larda biriken \u00f6nbellek verileri, sitenin do\u011fru a\u00e7\u0131lmas\u0131n\u0131 engelleyebilir. Bu durum \u00f6zellikle uzun s\u00fcredir temizleme yap\u0131lmad\u0131\u011f\u0131nda g\u00f6r\u00fcl\u00fcr.<\/p>\n<h3 data-start=\"2120\" data-end=\"2161\">Mobil \u0130nternet ve Wi-Fi Farkl\u0131l\u0131klar\u0131<\/h3>\n<p data-start=\"2163\" data-end=\"2292\">Baz\u0131 mobil a\u011flarda eri\u015fim sorunsuzken, Wi-Fi ba\u011flant\u0131s\u0131nda k\u0131s\u0131tlama ya\u015fanabilir. Bu durum internet servis sa\u011flay\u0131c\u0131 kaynakl\u0131d\u0131r.<\/p>\n<h2 data-start=\"2299\" data-end=\"2344\">Mobil Mariobet Giri\u015f Sorunu Nas\u0131l \u00c7\u00f6z\u00fcl\u00fcr?<\/h2>\n<p data-start=\"2346\" data-end=\"2424\">Mobil cihazlardan giri\u015f yapamayan kullan\u0131c\u0131lar a\u015fa\u011f\u0131daki ad\u0131mlar\u0131 deneyebilir.<\/p>\n<h3 data-start=\"2426\" data-end=\"2450\">Taray\u0131c\u0131 Kontrolleri<\/h3>\n<ul data-start=\"2452\" data-end=\"2607\">\n<li data-start=\"2452\" data-end=\"2506\">\n<p data-start=\"2454\" data-end=\"2506\">Mobil taray\u0131c\u0131 \u00f6nbelle\u011fini ve \u00e7erezleri temizleyin.<\/p>\n<\/li>\n<li data-start=\"2507\" data-end=\"2568\">\n<p data-start=\"2509\" data-end=\"2568\">Farkl\u0131 bir taray\u0131c\u0131 (Chrome, Safari, Firefox vb.) deneyin.<\/p>\n<\/li>\n<li data-start=\"2569\" data-end=\"2607\">\n<p data-start=\"2571\" data-end=\"2607\">Gizli sekme kullanarak siteyi a\u00e7\u0131n.<\/p>\n<\/li>\n<\/ul>\n<p data-start=\"2609\" data-end=\"2669\">Bu ad\u0131mlar, mobil taray\u0131c\u0131 kaynakl\u0131 sorunlar\u0131n \u00e7o\u011funu \u00e7\u00f6zer.<\/p>\n<h3 data-start=\"2676\" data-end=\"2700\">Ba\u011flant\u0131 De\u011fi\u015fikli\u011fi<\/h3>\n<ul data-start=\"2702\" data-end=\"2792\">\n<li data-start=\"2702\" data-end=\"2734\">\n<p data-start=\"2704\" data-end=\"2734\">Mobil veri ile giri\u015f deneyin.<\/p>\n<\/li>\n<li data-start=\"2735\" data-end=\"2792\">\n<p data-start=\"2737\" data-end=\"2792\">Farkl\u0131 bir Wi-Fi a\u011f\u0131na ba\u011flanarak tekrar kontrol edin.<\/p>\n<\/li>\n<\/ul>\n<p data-start=\"2794\" data-end=\"2861\">Ba\u011flant\u0131 de\u011fi\u015fikli\u011fi, a\u011f bazl\u0131 k\u0131s\u0131tlamalar\u0131n etkisini azaltabilir.<\/p>\n<h3 data-start=\"2868\" data-end=\"2904\">Cihaz ve Taray\u0131c\u0131 G\u00fcncellemeleri<\/h3>\n<p data-start=\"2906\" data-end=\"3044\">Eski taray\u0131c\u0131 s\u00fcr\u00fcmleri mobil uyumluluk sorunlar\u0131na yol a\u00e7abilir. Taray\u0131c\u0131y\u0131 ve cihaz i\u015fletim sistemini g\u00fcncellemek eri\u015fimi kolayla\u015ft\u0131r\u0131r.<\/p>\n<h2 data-start=\"3051\" data-end=\"3084\">Mobil Giri\u015f Hesab\u0131 Etkiler mi?<\/h2>\n<p data-start=\"3086\" data-end=\"3133\">Hay\u0131r. Mobil Mariobet giri\u015fte ya\u015fanan sorunlar:<\/p>\n<ul data-start=\"3135\" data-end=\"3189\">\n<li data-start=\"3135\" data-end=\"3152\">\n<p data-start=\"3137\" data-end=\"3152\">Hesap kapatma,<\/p>\n<\/li>\n<li data-start=\"3153\" data-end=\"3172\">\n<p data-start=\"3155\" data-end=\"3172\">\u015eifre silinmesi,<\/p>\n<\/li>\n<li data-start=\"3173\" data-end=\"3189\">\n<p data-start=\"3175\" data-end=\"3189\">Bakiye kayb\u0131 gibi durumlara yol a\u00e7maz.<\/p>\n<\/li>\n<\/ul>\n<p data-start=\"3175\" data-end=\"3189\">Sorun yaln\u0131zca <strong data-start=\"3232\" data-end=\"3254\">eri\u015fim y\u00f6nteminden<\/strong> kaynaklan\u0131r ve do\u011fru adres kullan\u0131ld\u0131\u011f\u0131nda giderilir.<\/p>\n<h2 data-start=\"3315\" data-end=\"3347\">Mobil Giri\u015fte G\u00fcvenlik Konusu<\/h2>\n<p data-start=\"3349\" data-end=\"3450\">Mobil cihazlardan giri\u015f yaparken kullan\u0131c\u0131lar\u0131n dikkat etmesi gereken baz\u0131 g\u00fcvenlik noktalar\u0131 vard\u0131r:<\/p>\n<ul data-start=\"3452\" data-end=\"3634\">\n<li data-start=\"3452\" data-end=\"3491\">\n<p data-start=\"3454\" data-end=\"3491\">Alan ad\u0131n\u0131 dikkatlice kontrol etmek.<\/p>\n<\/li>\n<li data-start=\"3492\" data-end=\"3550\">\n<p data-start=\"3494\" data-end=\"3550\">Taray\u0131c\u0131da g\u00fcvenli ba\u011flant\u0131 (SSL) ibaresini do\u011frulamak.<\/p>\n<\/li>\n<li data-start=\"3551\" data-end=\"3634\">\n<p data-start=\"3553\" data-end=\"3634\">Sosyal medya veya mesajla\u015fma uygulamalar\u0131ndan gelen linklere temkinli yakla\u015fmak.<\/p>\n<\/li>\n<\/ul>\n<p data-start=\"3636\" data-end=\"3689\">Bu ad\u0131mlar, sahte sitelerden korunmaya yard\u0131mc\u0131 olur.<\/p>\n<h2 data-start=\"3696\" data-end=\"3754\">Mobil Giri\u015f Deneyimi ile Masa\u00fcst\u00fc Aras\u0131nda Fark Var m\u0131?<\/h2>\n<p data-start=\"3756\" data-end=\"3814\">Mobil ve masa\u00fcst\u00fc giri\u015f adresi ayn\u0131d\u0131r. Ancak mobil s\u00fcr\u00fcm:<\/p>\n<ul data-start=\"3816\" data-end=\"3893\">\n<li data-start=\"3816\" data-end=\"3836\">\n<p data-start=\"3818\" data-end=\"3836\">Daha sade aray\u00fcz,<\/p>\n<\/li>\n<li data-start=\"3837\" data-end=\"3870\">\n<p data-start=\"3839\" data-end=\"3870\">Dokunmatik kullan\u0131m kolayl\u0131\u011f\u0131,<\/p>\n<\/li>\n<li data-start=\"3871\" data-end=\"3893\">\n<p data-start=\"3873\" data-end=\"3893\">Daha h\u0131zl\u0131 y\u00fckleme gibi avantajlar sunar.<\/p>\n<\/li>\n<\/ul>\n<p data-start=\"3873\" data-end=\"3893\">\u0130\u00e7erik ve hesap \u00f6zellikleri a\u00e7\u0131s\u0131ndan bir fark bulunmaz.<\/p>\n<h2 data-start=\"3981\" data-end=\"4035\">Mobil Mariobet Giri\u015f Nas\u0131l Sorunsuz Yap\u0131l\u0131r?<\/h2>\n<p data-start=\"4037\" data-end=\"4312\">Mobil Mariobet giri\u015f, do\u011fru ve g\u00fcncel adres kullan\u0131ld\u0131\u011f\u0131nda sorunsuz \u015fekilde yap\u0131labilir. Ya\u015fanan problemlerin b\u00fcy\u00fck b\u00f6l\u00fcm\u00fc taray\u0131c\u0131 veya ba\u011flant\u0131 kaynakl\u0131d\u0131r. G\u00fcncel adresi kullanmak, taray\u0131c\u0131 kontrollerini yapmak ve ba\u011flant\u0131y\u0131 de\u011fi\u015ftirmek \u00e7o\u011fu zaman eri\u015fimi yeniden sa\u011flar.<\/p>\n","protected":false},"excerpt":{"rendered":"<p>Mobil Mariobet giri\u015f, kullan\u0131c\u0131lar\u0131n platforma ak\u0131ll\u0131 telefon ve tabletler \u00fczerinden eri\u015fim sa\u011flamas\u0131n\u0131 ifade eder. Masa\u00fcst\u00fc s\u00fcr\u00fcmden farkl\u0131 olarak mobil giri\u015f, cihaz ekran\u0131na ve mobil taray\u0131c\u0131lara uyumlu \u015fekilde optimize edilmi\u015ftir. Bu sayede kullan\u0131c\u0131lar, herhangi bir uygulama indirmeden do\u011frudan taray\u0131c\u0131 \u00fczerinden eri\u015fim sa\u011flayabilir. Mobil giri\u015fte ya\u015fanan sorunlar \u00e7o\u011fu zaman cihaz, taray\u0131c\u0131 veya ba\u011flant\u0131 kaynakl\u0131d\u0131r ve hesapla ilgili [&hellip;]<\/p>\n","protected":false},"author":1,"featured_media":1649,"parent":0,"menu_order":0,"comment_status":"closed","ping_status":"closed","template":"","meta":{"footnotes":""},"class_list":["post-1722","page","type-page","status-publish","has-post-thumbnail"],"_links":{"self":[{"href":"https:\/\/mariobet.net\/tr\/wp-json\/wp\/v2\/pages\/1722","targetHints":{"allow":["GET"]}}],"collection":[{"href":"https:\/\/mariobet.net\/tr\/wp-json\/wp\/v2\/pages"}],"about":[{"href":"https:\/\/mariobet.net\/tr\/wp-json\/wp\/v2\/types\/page"}],"author":[{"embeddable":true,"href":"https:\/\/mariobet.net\/tr\/wp-json\/wp\/v2\/users\/1"}],"replies":[{"embeddable":true,"href":"https:\/\/mariobet.net\/tr\/wp-json\/wp\/v2\/comments?post=1722"}],"version-history":[{"count":2,"href":"https:\/\/mariobet.net\/tr\/wp-json\/wp\/v2\/pages\/1722\/revisions"}],"predecessor-version":[{"id":1725,"href":"https:\/\/mariobet.net\/tr\/wp-json\/wp\/v2\/pages\/1722\/revisions\/1725"}],"wp:featuredmedia":[{"embeddable":true,"href":"https:\/\/mariobet.net\/tr\/wp-json\/wp\/v2\/media\/1649"}],"wp:attachment":[{"href":"https:\/\/mariobet.net\/tr\/wp-json\/wp\/v2\/media?parent=1722"}],"curies":[{"name":"wp","href":"https:\/\/api.w.org\/{rel}","templated":true}]}}