{"id":1700,"date":"2025-12-15T19:05:15","date_gmt":"2025-12-15T16:05:15","guid":{"rendered":"https:\/\/mariobet.net\/tr\/?page_id=1700"},"modified":"2025-12-15T19:05:15","modified_gmt":"2025-12-15T16:05:15","slug":"mariobet-guncel-giris-adresi","status":"publish","type":"page","link":"https:\/\/mariobet.net\/tr\/mariobet-guncel-giris-adresi\/","title":{"rendered":"Mariobet G\u00fcncel Giri\u015f Adresi"},"content":{"rendered":"<p data-start=\"297\" data-end=\"618\">Mariobet g\u00fcncel giri\u015f adresi, platforma eri\u015fimin kesintisiz \u015fekilde s\u00fcrd\u00fcr\u00fclebilmesi i\u00e7in kullan\u0131lan <strong data-start=\"398\" data-end=\"416\">aktif alan ad\u0131<\/strong> anlam\u0131na gelir. T\u00fcrkiye\u2019de uygulanan eri\u015fim engelleri nedeniyle bu adres zaman zaman de\u011fi\u015febilir. Kullan\u0131c\u0131lar, hesaplar\u0131na sorunsuz ula\u015fabilmek i\u00e7in <strong data-start=\"567\" data-end=\"594\">ge\u00e7erli ve aktif adresi<\/strong> kullanmak durumundad\u0131r.<\/p>\n<p data-start=\"620\" data-end=\"841\">Bu t\u00fcr adres de\u011fi\u015fiklikleri genellikle teknik ve yasal nedenlere dayan\u0131r. Dolay\u0131s\u0131yla kullan\u0131c\u0131lar\u0131n kar\u015f\u0131la\u015ft\u0131\u011f\u0131 eri\u015fim sorunlar\u0131, \u00e7o\u011fu zaman hesapla ilgili de\u011fil, <strong data-start=\"785\" data-end=\"830\">kullan\u0131lan ba\u011flant\u0131n\u0131n g\u00fcncel olmamas\u0131yla<\/strong> ilgilidir.<\/p>\n<h2 data-start=\"848\" data-end=\"887\">Mariobet Giri\u015f Adresi Neden De\u011fi\u015fir?<\/h2>\n<p data-start=\"889\" data-end=\"1058\">Giri\u015f adreslerinde ya\u015fanan de\u011fi\u015fikliklerin temelinde birka\u00e7 ana neden bulunur. Bunlar kullan\u0131c\u0131 kaynakl\u0131 sorunlar de\u011fildir ve genellikle site taraf\u0131ndan h\u0131zl\u0131ca \u00e7\u00f6z\u00fcl\u00fcr.<\/p>\n<h3 data-start=\"1060\" data-end=\"1080\">Eri\u015fim Engelleri<\/h3>\n<p data-start=\"1082\" data-end=\"1288\">T\u00fcrkiye\u2019de baz\u0131 yabanc\u0131 merkezli platformlara eri\u015fim, d\u00f6nemsel olarak engellenebilir. Bu durumda site, kullan\u0131c\u0131lar\u0131n eri\u015fimini s\u00fcrd\u00fcrebilmesi i\u00e7in <strong data-start=\"1230\" data-end=\"1251\">yeni bir alan ad\u0131<\/strong> \u00fczerinden hizmet vermeye devam eder.<\/p>\n<h3 data-start=\"1290\" data-end=\"1317\">Alan Ad\u0131 G\u00fcncellemeleri<\/h3>\n<p data-start=\"1319\" data-end=\"1499\">Teknik altyap\u0131, g\u00fcvenlik veya y\u00f6nlendirme optimizasyonlar\u0131 nedeniyle alan ad\u0131 de\u011fi\u015fiklikleri yap\u0131labilir. Bu de\u011fi\u015fiklikler \u00e7o\u011fu zaman kullan\u0131c\u0131 deneyimini iyile\u015ftirmeye y\u00f6neliktir.<\/p>\n<h3 data-start=\"1501\" data-end=\"1537\">Sahte Site Risklerinin \u00d6nlenmesi<\/h3>\n<p data-start=\"1539\" data-end=\"1726\">Adres de\u011fi\u015fiklikleri ayn\u0131 zamanda sahte kopya sitelerin \u00f6n\u00fcne ge\u00e7mek i\u00e7in de uygulan\u0131r. G\u00fcncel adres kullan\u0131m\u0131, kullan\u0131c\u0131lar\u0131n <strong data-start=\"1666\" data-end=\"1718\">do\u011fru platformda i\u015flem yapt\u0131\u011f\u0131ndan emin olmas\u0131n\u0131<\/strong> sa\u011flar.<\/p>\n<h2 data-start=\"1733\" data-end=\"1784\">G\u00fcncel Mariobet Giri\u015f Adresi Nas\u0131l Takip Edilir?<\/h2>\n<p data-start=\"1786\" data-end=\"1958\">Kullan\u0131c\u0131lar\u0131n en s\u0131k yapt\u0131\u011f\u0131 hatalardan biri, eski veya do\u011frulanmam\u0131\u015f adresler \u00fczerinden giri\u015f denemesidir. G\u00fcncel adresi takip etmek i\u00e7in \u015fu y\u00f6ntemler tercih edilmelidir:<\/p>\n<ul data-start=\"1960\" data-end=\"2193\">\n<li data-start=\"1960\" data-end=\"2040\">\n<p data-start=\"1962\" data-end=\"2040\">Daha \u00f6nce sorunsuz giri\u015f yap\u0131lan adresin <strong data-start=\"2003\" data-end=\"2028\">taray\u0131c\u0131 yer imlerine<\/strong> eklenmesi<\/p>\n<\/li>\n<li data-start=\"2041\" data-end=\"2103\">\n<p data-start=\"2043\" data-end=\"2103\">Platformun resmi bilgilendirme kanallar\u0131n\u0131n takip edilmesi<\/p>\n<\/li>\n<li data-start=\"2104\" data-end=\"2193\">\n<p data-start=\"2106\" data-end=\"2193\">Arama motorlar\u0131nda \u00e7\u0131kan, y\u00f6nlendirme i\u00e7ermeyen bilgilendirici sayfalar\u0131n incelenmesi<\/p>\n<\/li>\n<\/ul>\n<p data-start=\"2195\" data-end=\"2315\">Do\u011fru ba\u011flant\u0131 \u00fczerinden ilerlemek, hem eri\u015fim sorunlar\u0131n\u0131 ortadan kald\u0131r\u0131r hem de g\u00fcvenli kullan\u0131m a\u00e7\u0131s\u0131ndan \u00f6nemlidir.<\/p>\n<p data-start=\"2317\" data-end=\"2466\">Bu noktada kullan\u0131c\u0131lar\u0131n, <a href=\"https:\/\/mariobet.net\/\"><strong data-start=\"2344\" data-end=\"2374\">mariobet ana giri\u015f sayfas\u0131<\/strong><\/a> \u00fczerinden y\u00f6nlendirilmi\u015f aktif adresi tercih etmesi eri\u015fim a\u00e7\u0131s\u0131ndan en sa\u011fl\u0131kl\u0131 y\u00f6ntemdir.<\/p>\n<h2 data-start=\"2473\" data-end=\"2531\">Mariobet G\u00fcncel Giri\u015f Adresi \u00c7al\u0131\u015fm\u0131yorsa Ne Yap\u0131lmal\u0131?<\/h2>\n<p data-start=\"2533\" data-end=\"2664\">Bazen g\u00fcncel oldu\u011fu d\u00fc\u015f\u00fcn\u00fclen adresler de ge\u00e7ici olarak eri\u015fim sorunu ya\u015fatabilir. B\u00f6yle durumlarda panik yap\u0131lmas\u0131na gerek yoktur.<\/p>\n<h3 data-start=\"2666\" data-end=\"2710\">Taray\u0131c\u0131 Kaynakl\u0131 Sorunlar\u0131 Kontrol Edin<\/h3>\n<ul data-start=\"2712\" data-end=\"2839\">\n<li data-start=\"2712\" data-end=\"2755\">\n<p data-start=\"2714\" data-end=\"2755\">Taray\u0131c\u0131 \u00f6nbelle\u011fini (cache) temizleyin<\/p>\n<\/li>\n<li data-start=\"2756\" data-end=\"2796\">\n<p data-start=\"2758\" data-end=\"2796\">Farkl\u0131 bir taray\u0131c\u0131dan giri\u015f deneyin<\/p>\n<\/li>\n<li data-start=\"2797\" data-end=\"2839\">\n<p data-start=\"2799\" data-end=\"2839\">Gizli sekme kullanarak yeniden deneyin<\/p>\n<\/li>\n<\/ul>\n<h3 data-start=\"2841\" data-end=\"2880\">\u0130nternet Ba\u011flant\u0131s\u0131n\u0131 De\u011ferlendirin<\/h3>\n<p data-start=\"2882\" data-end=\"3066\">Baz\u0131 internet servis sa\u011flay\u0131c\u0131lar\u0131, alan ad\u0131 y\u00f6nlendirmelerinde gecikme ya\u015fayabilir. Mobil internet veya farkl\u0131 bir a\u011f \u00fczerinden deneme yapmak sorunun kayna\u011f\u0131n\u0131 anlamaya yard\u0131mc\u0131 olur.<\/p>\n<h3 data-start=\"3068\" data-end=\"3084\">DNS Ayarlar\u0131<\/h3>\n<p data-start=\"3086\" data-end=\"3226\">Gerekli durumlarda DNS ayarlar\u0131n\u0131n g\u00fcncellenmesi, eri\u015fim problemlerini \u00e7\u00f6zebilir. Bu i\u015flem teknik bilgi gerektirir ve dikkatli yap\u0131lmal\u0131d\u0131r.<\/p>\n<h2 data-start=\"3233\" data-end=\"3293\">G\u00fcncel Giri\u015f Adresi ile Sahte Siteler Nas\u0131l Ay\u0131rt Edilir?<\/h2>\n<p data-start=\"3295\" data-end=\"3470\">Adres de\u011fi\u015fiklikleri, k\u00f6t\u00fc niyetli ki\u015filer taraf\u0131ndan sahte siteler olu\u015fturmak i\u00e7in kullan\u0131labilir. Bu nedenle kullan\u0131c\u0131lar\u0131n dikkat etmesi gereken baz\u0131 temel noktalar vard\u0131r:<\/p>\n<ul data-start=\"3472\" data-end=\"3688\">\n<li data-start=\"3472\" data-end=\"3525\">\n<p data-start=\"3474\" data-end=\"3525\">Alan ad\u0131n\u0131n birebir do\u011fru yaz\u0131ld\u0131\u011f\u0131ndan emin olun<\/p>\n<\/li>\n<li data-start=\"3526\" data-end=\"3600\">\n<p data-start=\"3528\" data-end=\"3600\">Taray\u0131c\u0131 adres \u00e7ubu\u011funda g\u00fcvenli ba\u011flant\u0131 (SSL) ibaresini kontrol edin<\/p>\n<\/li>\n<li data-start=\"3601\" data-end=\"3688\">\n<p data-start=\"3603\" data-end=\"3688\">Sosyal medya veya mesajla\u015fma uygulamalar\u0131nda payla\u015f\u0131lan rastgele linklerden ka\u00e7\u0131n\u0131n<\/p>\n<\/li>\n<\/ul>\n<p data-start=\"3690\" data-end=\"3771\">Resmi ve g\u00fcncel adres kullan\u0131m\u0131, hesap g\u00fcvenli\u011fi a\u00e7\u0131s\u0131ndan kritik \u00f6neme sahiptir.<\/p>\n<h2 data-start=\"3778\" data-end=\"3837\">Mariobet G\u00fcncel Giri\u015f Adresi Mobil Cihazlarda Farkl\u0131 m\u0131?<\/h2>\n<p data-start=\"3839\" data-end=\"3998\">Hay\u0131r, g\u00fcncel giri\u015f adresi masa\u00fcst\u00fc ve mobil cihazlar i\u00e7in ayn\u0131d\u0131r. Ancak baz\u0131 mobil taray\u0131c\u0131larda y\u00f6nlendirme veya \u00f6nbellek sorunlar\u0131 ya\u015fanabilir. Bu durumda:<\/p>\n<ul data-start=\"4000\" data-end=\"4127\">\n<li data-start=\"4000\" data-end=\"4037\">\n<p data-start=\"4002\" data-end=\"4037\">Taray\u0131c\u0131 uygulamas\u0131n\u0131 g\u00fcncellemek,<\/p>\n<\/li>\n<li data-start=\"4038\" data-end=\"4075\">\n<p data-start=\"4040\" data-end=\"4075\">Farkl\u0131 bir mobil taray\u0131c\u0131 denemek,<\/p>\n<\/li>\n<li data-start=\"4076\" data-end=\"4127\">\n<p data-start=\"4078\" data-end=\"4127\">Cihazda kay\u0131tl\u0131 eski y\u00f6nlendirmeleri temizlemek eri\u015fimi kolayla\u015ft\u0131rabilir.<\/p>\n<\/li>\n<\/ul>\n<h2 data-start=\"4162\" data-end=\"4204\">G\u00fcncel Giri\u015f Adresini Kullanman\u0131n \u00d6nemi<\/h2>\n<p data-start=\"4206\" data-end=\"4250\">Do\u011fru ve aktif adres \u00fczerinden giri\u015f yapmak:<\/p>\n<ul data-start=\"4252\" data-end=\"4396\">\n<li data-start=\"4252\" data-end=\"4291\">\n<p data-start=\"4254\" data-end=\"4291\">Eri\u015fim sorunlar\u0131n\u0131 ortadan kald\u0131r\u0131r.<\/p>\n<\/li>\n<li data-start=\"4292\" data-end=\"4329\">\n<p data-start=\"4294\" data-end=\"4329\">Sahte sitelerden korunmay\u0131 sa\u011flar.<\/p>\n<\/li>\n<li data-start=\"4330\" data-end=\"4359\">\n<p data-start=\"4332\" data-end=\"4359\">Hesap g\u00fcvenli\u011fini art\u0131r\u0131r.<\/p>\n<\/li>\n<li data-start=\"4360\" data-end=\"4396\">\n<p data-start=\"4362\" data-end=\"4396\">Kullan\u0131c\u0131 deneyimini iyile\u015ftirir.<\/p>\n<\/li>\n<\/ul>\n<p data-start=\"4398\" data-end=\"4485\">Bu nedenle kullan\u0131c\u0131lar\u0131n, her giri\u015fte <strong data-start=\"4437\" data-end=\"4475\">adresin g\u00fcncelli\u011finden emin olmas\u0131<\/strong> \u00f6nerilir.<\/p>\n<p data-start=\"4530\" data-end=\"4861\">Mariobet g\u00fcncel giri\u015f adresi, platforma kesintisiz ve g\u00fcvenli eri\u015fimin temel anahtar\u0131d\u0131r. Adres de\u011fi\u015fiklikleri ola\u011fan bir durumdur ve kullan\u0131c\u0131lar\u0131n bu s\u00fcreci do\u011fru kaynaklardan takip etmesi yeterlidir. Eski adresler \u00fczerinden yap\u0131lan giri\u015f denemeleri ba\u015far\u0131s\u0131z olabilir; bu durum hesapla ilgili bir problem oldu\u011fu anlam\u0131na gelmez.<\/p>\n<p data-start=\"4863\" data-end=\"4966\">G\u00fcncel adres kullan\u0131m\u0131, hem eri\u015fim kolayl\u0131\u011f\u0131 hem de g\u00fcvenli kullan\u0131m a\u00e7\u0131s\u0131ndan en sa\u011fl\u0131kl\u0131 yakla\u015f\u0131md\u0131r.<\/p>\n","protected":false},"excerpt":{"rendered":"<p>Mariobet g\u00fcncel giri\u015f adresi, platforma eri\u015fimin kesintisiz \u015fekilde s\u00fcrd\u00fcr\u00fclebilmesi i\u00e7in kullan\u0131lan aktif alan ad\u0131 anlam\u0131na gelir. T\u00fcrkiye\u2019de uygulanan eri\u015fim engelleri nedeniyle bu adres zaman zaman de\u011fi\u015febilir. Kullan\u0131c\u0131lar, hesaplar\u0131na sorunsuz ula\u015fabilmek i\u00e7in ge\u00e7erli ve aktif adresi kullanmak durumundad\u0131r. Bu t\u00fcr adres de\u011fi\u015fiklikleri genellikle teknik ve yasal nedenlere dayan\u0131r. Dolay\u0131s\u0131yla kullan\u0131c\u0131lar\u0131n kar\u015f\u0131la\u015ft\u0131\u011f\u0131 eri\u015fim sorunlar\u0131, \u00e7o\u011fu zaman hesapla [&hellip;]<\/p>\n","protected":false},"author":1,"featured_media":1648,"parent":0,"menu_order":0,"comment_status":"closed","ping_status":"closed","template":"","meta":{"footnotes":""},"class_list":["post-1700","page","type-page","status-publish","has-post-thumbnail"],"_links":{"self":[{"href":"https:\/\/mariobet.net\/tr\/wp-json\/wp\/v2\/pages\/1700","targetHints":{"allow":["GET"]}}],"collection":[{"href":"https:\/\/mariobet.net\/tr\/wp-json\/wp\/v2\/pages"}],"about":[{"href":"https:\/\/mariobet.net\/tr\/wp-json\/wp\/v2\/types\/page"}],"author":[{"embeddable":true,"href":"https:\/\/mariobet.net\/tr\/wp-json\/wp\/v2\/users\/1"}],"replies":[{"embeddable":true,"href":"https:\/\/mariobet.net\/tr\/wp-json\/wp\/v2\/comments?post=1700"}],"version-history":[{"count":1,"href":"https:\/\/mariobet.net\/tr\/wp-json\/wp\/v2\/pages\/1700\/revisions"}],"predecessor-version":[{"id":1701,"href":"https:\/\/mariobet.net\/tr\/wp-json\/wp\/v2\/pages\/1700\/revisions\/1701"}],"wp:featuredmedia":[{"embeddable":true,"href":"https:\/\/mariobet.net\/tr\/wp-json\/wp\/v2\/media\/1648"}],"wp:attachment":[{"href":"https:\/\/mariobet.net\/tr\/wp-json\/wp\/v2\/media?parent=1700"}],"curies":[{"name":"wp","href":"https:\/\/api.w.org\/{rel}","templated":true}]}}